{"id":253,"date":"2025-05-27T14:30:10","date_gmt":"2025-05-27T12:30:10","guid":{"rendered":"https:\/\/aihealthdynamics.com\/?page_id=253"},"modified":"2025-05-27T14:30:10","modified_gmt":"2025-05-27T12:30:10","slug":"newsletter","status":"publish","type":"page","link":"https:\/\/aihealthdynamics.com\/?page_id=253","title":{"rendered":"Newsletter"},"content":{"rendered":"  \n  \n  <div class=\"\n    mailpoet_form_popup_overlay\n      \"><\/div>\n  <div\n    id=\"mailpoet_form_1\"\n    class=\"\n      mailpoet_form\n      mailpoet_form_html\n      mailpoet_form_position_\n      mailpoet_form_animation_\n    \"\n      >\n\n    <style type=\"text\/css\">\n     #mailpoet_form_1 .mailpoet_form {  }\n#mailpoet_form_1 form { margin-bottom: 0; }\n#mailpoet_form_1 p.mailpoet_form_paragraph.last { margin-bottom: 0px; }\n#mailpoet_form_1 h2.mailpoet-heading { margin: -10px 0 10px 0; }\n#mailpoet_form_1 .mailpoet_column_with_background { padding: 10px; }\n#mailpoet_form_1 .mailpoet_form_column:not(:first-child) { margin-left: 20px; }\n#mailpoet_form_1 .mailpoet_paragraph { line-height: 20px; margin-bottom: 20px; }\n#mailpoet_form_1 .mailpoet_segment_label, #mailpoet_form_1 .mailpoet_text_label, #mailpoet_form_1 .mailpoet_textarea_label, #mailpoet_form_1 .mailpoet_select_label, #mailpoet_form_1 .mailpoet_radio_label, #mailpoet_form_1 .mailpoet_checkbox_label, #mailpoet_form_1 .mailpoet_list_label, #mailpoet_form_1 .mailpoet_date_label { display: block; font-weight: normal; }\n#mailpoet_form_1 .mailpoet_text, #mailpoet_form_1 .mailpoet_textarea, #mailpoet_form_1 .mailpoet_select, #mailpoet_form_1 .mailpoet_date_month, #mailpoet_form_1 .mailpoet_date_day, #mailpoet_form_1 .mailpoet_date_year, #mailpoet_form_1 .mailpoet_date { display: block; }\n#mailpoet_form_1 .mailpoet_text, #mailpoet_form_1 .mailpoet_textarea { width: 200px; }\n#mailpoet_form_1 .mailpoet_checkbox {  }\n#mailpoet_form_1 .mailpoet_submit {  }\n#mailpoet_form_1 .mailpoet_divider {  }\n#mailpoet_form_1 .mailpoet_message {  }\n#mailpoet_form_1 .mailpoet_form_loading { width: 30px; text-align: center; line-height: normal; }\n#mailpoet_form_1 .mailpoet_form_loading > span { width: 5px; height: 5px; background-color: #5b5b5b; }#mailpoet_form_1{border-radius: 24px;background: linear-gradient(180deg,rgb(29,236,153) 0%,rgb(1,155,252) 50%,rgb(31,59,114) 100%);text-align: left;}#mailpoet_form_1 form.mailpoet_form {padding: 24px;}#mailpoet_form_1{width: 100%;}#mailpoet_form_1 .mailpoet_message {margin: 0; padding: 0 20px;}\n        #mailpoet_form_1 .mailpoet_validate_success {color: #00d084}\n        #mailpoet_form_1 input.parsley-success {color: #00d084}\n        #mailpoet_form_1 select.parsley-success {color: #00d084}\n        #mailpoet_form_1 textarea.parsley-success {color: #00d084}\n      \n        #mailpoet_form_1 .mailpoet_validate_error {color: #cf2e2e}\n        #mailpoet_form_1 input.parsley-error {color: #cf2e2e}\n        #mailpoet_form_1 select.parsley-error {color: #cf2e2e}\n        #mailpoet_form_1 textarea.textarea.parsley-error {color: #cf2e2e}\n        #mailpoet_form_1 .parsley-errors-list {color: #cf2e2e}\n        #mailpoet_form_1 .parsley-required {color: #cf2e2e}\n        #mailpoet_form_1 .parsley-custom-error-message {color: #cf2e2e}\n      #mailpoet_form_1 .mailpoet_paragraph.last {margin-bottom: 0} @media (max-width: 500px) {#mailpoet_form_1 {background: linear-gradient(180deg,rgb(29,236,153) 0%,rgb(1,155,252) 50%,rgb(31,59,114) 100%);}} @media (min-width: 500px) {#mailpoet_form_1 .last .mailpoet_paragraph:last-child {margin-bottom: 0}}  @media (max-width: 500px) {#mailpoet_form_1 .mailpoet_form_column:last-child .mailpoet_paragraph:last-child {margin-bottom: 0}} \n    <\/style>\n\n    <form\n      target=\"_self\"\n      method=\"post\"\n      action=\"https:\/\/aihealthdynamics.com\/wp-admin\/admin-post.php?action=mailpoet_subscription_form\"\n      class=\"mailpoet_form mailpoet_form_form mailpoet_form_html\"\n      novalidate\n      data-delay=\"\"\n      data-exit-intent-enabled=\"\"\n      data-font-family=\"\"\n      data-cookie-expiration-time=\"\"\n    >\n      <input type=\"hidden\" name=\"data[form_id]\" value=\"1\" \/>\n      <input type=\"hidden\" name=\"token\" value=\"2c5a0cdcb6\" \/>\n      <input type=\"hidden\" name=\"api_version\" value=\"v1\" \/>\n      <input type=\"hidden\" name=\"endpoint\" value=\"subscribers\" \/>\n      <input type=\"hidden\" name=\"mailpoet_method\" value=\"subscribe\" \/>\n\n      <label class=\"mailpoet_hp_email_label\" style=\"display: none !important;\">Zostaw to pole puste<input type=\"email\" name=\"data[email]\"\/><\/label><div class='mailpoet_spacer' style='height: 10px;'><\/div>\n<h2 class=\"mailpoet-heading  mailpoet-has-font-size\" style=\"text-align: center; font-size: 80px; line-height: 1.2\"><span style=\"font-family: Poppins\" data-font=\"Poppins\" class=\"mailpoet-has-font\"><img loading=\"lazy\" decoding=\"async\" width=\"1536\" height=\"1485\" class=\"wp-image-212\" style=\"width: 150px\" src=\"https:\/\/aihealthdynamics.com\/wp-content\/uploads\/2025\/05\/FAVICON-512px@3x.png\" alt=\"\" srcset=\"https:\/\/aihealthdynamics.com\/wp-content\/uploads\/2025\/05\/FAVICON-512px@3x.png 1536w, https:\/\/aihealthdynamics.com\/wp-content\/uploads\/2025\/05\/FAVICON-512px@3x-300x290.png 300w, https:\/\/aihealthdynamics.com\/wp-content\/uploads\/2025\/05\/FAVICON-512px@3x-1024x990.png 1024w, https:\/\/aihealthdynamics.com\/wp-content\/uploads\/2025\/05\/FAVICON-512px@3x-768x743.png 768w\" sizes=\"auto, (max-width: 1536px) 100vw, 1536px\" \/><\/span><\/h2>\n<h3 class=\"mailpoet-heading  mailpoet-has-font-size\" style=\"text-align: center; color: #ffffff; font-size: 60px; line-height: 1.2\"><strong><span style=\"font-family: Poppins\" data-font=\"Poppins\" class=\"mailpoet-has-font\">B\u0105d\u017a z nami w kontakcie!<\/span><\/strong><\/h3>\n<h2 class=\"mailpoet-heading  mailpoet-has-font-size\" style=\"text-align: center; color: #ffffff; font-size: 24px; line-height: 1.2\"><span style=\"font-family: Poppins\" data-font=\"Poppins\" class=\"mailpoet-has-font\">Usi\u0105d\u017a wygodnie i pozw\u00f3l nam wykona\u0107 za Ciebie ci\u0119\u017ck\u0105 prac\u0119. Zarejestruj si\u0119, aby otrzymywa\u0107 nasze najnowsze informacje bezpo\u015brednio na swoj\u0105 skrzynk\u0119 odbiorcz\u0105.<\/span><\/h2>\n<div class='mailpoet_spacer' style='height: 1px;'><\/div>\n<div class=\"mailpoet_paragraph \"><style>input[name=\"data[form_field_NTY0NWQ1ODI0NjY2X2VtYWls]\"]::placeholder{color:#abb8c3;opacity: 1;}<\/style><input type=\"email\" autocomplete=\"email\" class=\"mailpoet_text\" id=\"form_email_1\" name=\"data[form_field_NTY0NWQ1ODI0NjY2X2VtYWls]\" title=\"Adres email\" value=\"\" style=\"width:100%;box-sizing:border-box;background-color:#ffffff;border-style:solid;border-radius:6px !important;border-width:0px;padding:15px;margin: 0 auto 0 0;font-family:&#039;Poppins&#039;;font-size:20px;line-height:1.5;height:auto;color:#abb8c3;\" data-automation-id=\"form_email\"  placeholder=\"Adres email *\" aria-label=\"Adres email *\" data-parsley-errors-container=\".mailpoet_error_faqfd\" data-parsley-required=\"true\" required aria-required=\"true\" data-parsley-minlength=\"6\" data-parsley-maxlength=\"150\" data-parsley-type-message=\"Ta warto\u015b\u0107 powinna by\u0107 prawid\u0142owym adresem e-mail.\" data-parsley-required-message=\"To pole jest wymagane.\"\/><span class=\"mailpoet_error_faqfd\"><\/span><\/div>\n<div class=\"mailpoet_paragraph \"><input type=\"submit\" class=\"mailpoet_submit\" value=\"Zapisz si\u0119\" data-automation-id=\"subscribe-submit-button\" data-font-family='Cairo' style=\"width:100%;box-sizing:border-box;border-style:solid;border-radius:6px !important;border-width:1px;padding:12px;margin: 0 auto 0 0;font-family:&#039;Cairo&#039;;font-size:24px;line-height:1.5;height:auto;color:#ffffff;border-color:transparent;background: linear-gradient(180deg,rgb(0,159,251) 0%,rgb(29,123,164) 100%);font-weight:bold;\" \/><span class=\"mailpoet_form_loading\"><span class=\"mailpoet_bounce1\"><\/span><span class=\"mailpoet_bounce2\"><\/span><span class=\"mailpoet_bounce3\"><\/span><\/span><\/div>\n<p class=\"mailpoet_form_paragraph  mailpoet-has-font-size\" style=\"text-align: center; color: #ffffff; font-size: 13px; line-height: 1.5\"><span style=\"font-family: Cairo\" data-font=\"Cairo\" class=\"mailpoet-has-font\">Nigdy nie wy\u015blemy Ci spamu ani nie udost\u0119pnimy Twojego adresu e-mail.<br>Dowiedz si\u0119 wi\u0119cej w naszej <a href=\"#\">Polityce prywatno\u015bci<\/a>.<\/span><\/p>\n<div class='mailpoet_spacer' style='height: 10px;'><\/div>\n\n      <div class=\"mailpoet_message\">\n        <p class=\"mailpoet_validate_success\"\n                style=\"display:none;\"\n                >Sprawd\u017a swoj\u0105 skrzynk\u0119 odbiorcz\u0105 albo katalog spam i potwierd\u017a swoj\u0105 subskrypcj\u0119.\n        <\/p>\n        <p class=\"mailpoet_validate_error\"\n                style=\"display:none;\"\n                >        <\/p>\n      <\/div>\n    <\/form>\n\n      <\/div>\n\n  \n\n\n<p><\/p>\n","protected":false},"excerpt":{"rendered":"","protected":false},"author":3,"featured_media":0,"parent":0,"menu_order":0,"comment_status":"closed","ping_status":"closed","template":"","meta":{"footnotes":""},"class_list":["post-253","page","type-page","status-publish","hentry"],"_links":{"self":[{"href":"https:\/\/aihealthdynamics.com\/index.php?rest_route=\/wp\/v2\/pages\/253","targetHints":{"allow":["GET"]}}],"collection":[{"href":"https:\/\/aihealthdynamics.com\/index.php?rest_route=\/wp\/v2\/pages"}],"about":[{"href":"https:\/\/aihealthdynamics.com\/index.php?rest_route=\/wp\/v2\/types\/page"}],"author":[{"embeddable":true,"href":"https:\/\/aihealthdynamics.com\/index.php?rest_route=\/wp\/v2\/users\/3"}],"replies":[{"embeddable":true,"href":"https:\/\/aihealthdynamics.com\/index.php?rest_route=%2Fwp%2Fv2%2Fcomments&post=253"}],"version-history":[{"count":1,"href":"https:\/\/aihealthdynamics.com\/index.php?rest_route=\/wp\/v2\/pages\/253\/revisions"}],"predecessor-version":[{"id":254,"href":"https:\/\/aihealthdynamics.com\/index.php?rest_route=\/wp\/v2\/pages\/253\/revisions\/254"}],"wp:attachment":[{"href":"https:\/\/aihealthdynamics.com\/index.php?rest_route=%2Fwp%2Fv2%2Fmedia&parent=253"}],"curies":[{"name":"wp","href":"https:\/\/api.w.org\/{rel}","templated":true}]}}